{"id":658,"date":"2024-01-15T15:47:43","date_gmt":"2024-01-15T14:47:43","guid":{"rendered":"https:\/\/elsagrellier-reflexologie.fr\/?page_id=658"},"modified":"2024-01-15T15:54:28","modified_gmt":"2024-01-15T14:54:28","slug":"mentions-legales","status":"publish","type":"page","link":"https:\/\/elsagrellier-reflexologie.fr\/index.php\/mentions-legales\/","title":{"rendered":"Mentions l\u00e9gales"},"content":{"rendered":"\t\t<div data-elementor-type=\"wp-page\" data-elementor-id=\"658\" class=\"elementor elementor-658\">\n\t\t\t\t<div class=\"elementor-element elementor-element-15b3ca46 e-flex e-con-boxed e-con e-parent\" data-id=\"15b3ca46\" data-element_type=\"container\">\n\t\t\t\t\t<div class=\"e-con-inner\">\n\t\t\t\t<div class=\"elementor-element elementor-element-26a5abf7 elementor-widget elementor-widget-text-editor\" data-id=\"26a5abf7\" data-element_type=\"widget\" data-widget_type=\"text-editor.default\">\n\t\t\t\t<div class=\"elementor-widget-container\">\n\t\t\t\t\t\t\t\t\t<p><\/p>\n<h2 class=\"wp-block-heading\">Mentions l\u00e9gales<\/h2>\n<p><\/p>\n<p><\/p>\t\t\t\t\t\t\t\t<\/div>\n\t\t\t\t<\/div>\n\t\t\t\t\t<\/div>\n\t\t\t\t<\/div>\n\t\t<div class=\"elementor-element elementor-element-6da6ae1 e-flex e-con-boxed e-con e-parent\" data-id=\"6da6ae1\" data-element_type=\"container\">\n\t\t\t\t\t<div class=\"e-con-inner\">\n\t\t\t\t<div class=\"elementor-element elementor-element-83c1b0c elementor-widget elementor-widget-text-editor\" data-id=\"83c1b0c\" data-element_type=\"widget\" data-widget_type=\"text-editor.default\">\n\t\t\t\t<div class=\"elementor-widget-container\">\n\t\t\t\t\t\t\t\t\t<p><strong>Objectif de l\u2019information diffus\u00e9e sur ce site :\u00a0<\/strong>Ce site a pour objet d\u2019informer les particuliers et les entreprises sur les prestations r\u00e9alis\u00e9es par l&#8217;entreprise individuelle Elsa Grellier R\u00e9flexologie.<\/p>\n<p><strong style=\"font-style: inherit; color: var( --e-global-color-text ); font-family: var( --e-global-typography-text-font-family ), Sans-serif;\">Raison sociale :<\/strong><span style=\"font-style: inherit; font-weight: inherit; color: var( --e-global-color-text ); font-family: var( --e-global-typography-text-font-family ), Sans-serif;\"> EI Elsa Grellier R\u00e9flexologie<\/span><\/p>\n<p><strong>Forme juridique :<\/strong> Entreprise Individuelle, \u00a0immatricul\u00e9e sous le SIRET 94854552000017<\/p>\n<p><strong>Si\u00e8ge social :<\/strong> FONTAINE-LE-COMTE<\/p>\n<p><b>Num\u00e9ro de TVA : <\/b>FR49948545520<\/p>\n<p><strong>Code NAF<\/strong> : 8690F<\/p>\n<p><strong>Adresse \u00e9lectronique :<\/strong> elsagrellier.reflexo@gmail.com<\/p>\n<p><strong>Propri\u00e9t\u00e9 et coordonn\u00e9es de l\u2019\u00e9diteur du site :\u00a0<\/strong>Le Site est la propri\u00e9t\u00e9 de GRELLIER Elsa, il est administr\u00e9 en France et est h\u00e9berg\u00e9 par la Soci\u00e9t\u00e9 OVH. Si\u00e8ge social : 2 rue Kellermann 59100 Roubaix France<\/p>\n<p><strong>Directeur de la publication et de la r\u00e9daction :<\/strong> Elsa Grellier, g\u00e9rant de l&#8217;entreprise.<\/p>\n<p><strong>Conception et d\u00e9veloppement :<\/strong> Elsa Grellier, g\u00e9rant de l&#8217;entreprise.<\/p>\n<p><strong>Cr\u00e9ation de contenus :<\/strong> Elsa Grellier, g\u00e9rant de l&#8217;entreprise.<\/p>\n<p><strong>Coordonn\u00e9es de l\u2019h\u00e9bergeur du site :<\/strong> OVH Cloud. Si\u00e8ge social : 2 rue Kellermann 59100 Roubaix France<\/p>\t\t\t\t\t\t\t\t<\/div>\n\t\t\t\t<\/div>\n\t\t\t\t\t<\/div>\n\t\t\t\t<\/div>\n\t\t\t\t<\/div>\n\t\t","protected":false},"excerpt":{"rendered":"<p>Mentions l\u00e9gales Objectif de l\u2019information diffus\u00e9e sur ce site :\u00a0Ce site a pour objet d\u2019informer les particuliers et les entreprises sur les prestations r\u00e9alis\u00e9es par l&#8217;entreprise individuelle Elsa Grellier R\u00e9flexologie. Raison sociale : EI Elsa Grellier R\u00e9flexologie Forme juridique : Entreprise Individuelle, \u00a0immatricul\u00e9e sous le SIRET 94854552000017 Si\u00e8ge social : FONTAINE-LE-COMTE Num\u00e9ro de TVA : [&hellip;]<\/p>\n","protected":false},"author":1,"featured_media":0,"parent":0,"menu_order":0,"comment_status":"closed","ping_status":"closed","template":"","meta":{"zakra_page_container_layout":"customizer","zakra_page_sidebar_layout":"customizer","zakra_remove_content_margin":true,"zakra_sidebar":"customizer","zakra_transparent_header":"0","zakra_logo":0,"zakra_main_header_style":"default","zakra_menu_item_color":"","zakra_menu_item_hover_color":"","zakra_menu_item_active_color":"","zakra_menu_active_style":"","zakra_page_header":false,"footnotes":""},"class_list":["post-658","page","type-page","status-publish","hentry"],"yoast_head":"<!-- This site is optimized with the Yoast SEO plugin v26.5 - https:\/\/yoast.com\/wordpress\/plugins\/seo\/ -->\n<title>Mentions l\u00e9gales - Elsa Grellier R\u00e9flexologie<\/title>\n<meta name=\"robots\" content=\"index, follow, max-snippet:-1, max-image-preview:large, max-video-preview:-1\" \/>\n<link rel=\"canonical\" href=\"http:\/\/elsagrellier-reflexologie.fr\/index.php\/mentions-legales\/\" \/>\n<meta property=\"og:locale\" content=\"en_US\" \/>\n<meta property=\"og:type\" content=\"article\" \/>\n<meta property=\"og:title\" content=\"Mentions l\u00e9gales - Elsa Grellier R\u00e9flexologie\" \/>\n<meta property=\"og:description\" content=\"Mentions l\u00e9gales Objectif de l\u2019information diffus\u00e9e sur ce site :\u00a0Ce site a pour objet d\u2019informer les particuliers et les entreprises sur les prestations r\u00e9alis\u00e9es par l&#8217;entreprise individuelle Elsa Grellier R\u00e9flexologie. Raison sociale : EI Elsa Grellier R\u00e9flexologie Forme juridique : Entreprise Individuelle, \u00a0immatricul\u00e9e sous le SIRET 94854552000017 Si\u00e8ge social : FONTAINE-LE-COMTE Num\u00e9ro de TVA : [&hellip;]\" \/>\n<meta property=\"og:url\" content=\"http:\/\/elsagrellier-reflexologie.fr\/index.php\/mentions-legales\/\" \/>\n<meta property=\"og:site_name\" content=\"Elsa Grellier R\u00e9flexologie\" \/>\n<meta property=\"article:modified_time\" content=\"2024-01-15T14:54:28+00:00\" \/>\n<meta name=\"twitter:card\" content=\"summary_large_image\" \/>\n<meta name=\"twitter:label1\" content=\"Est. reading time\" \/>\n\t<meta name=\"twitter:data1\" content=\"1 minute\" \/>\n<script type=\"application\/ld+json\" class=\"yoast-schema-graph\">{\"@context\":\"https:\/\/schema.org\",\"@graph\":[{\"@type\":\"WebPage\",\"@id\":\"http:\/\/elsagrellier-reflexologie.fr\/index.php\/mentions-legales\/\",\"url\":\"http:\/\/elsagrellier-reflexologie.fr\/index.php\/mentions-legales\/\",\"name\":\"Mentions l\u00e9gales - Elsa Grellier R\u00e9flexologie\",\"isPartOf\":{\"@id\":\"https:\/\/elsagrellier-reflexologie.fr\/#website\"},\"datePublished\":\"2024-01-15T14:47:43+00:00\",\"dateModified\":\"2024-01-15T14:54:28+00:00\",\"breadcrumb\":{\"@id\":\"http:\/\/elsagrellier-reflexologie.fr\/index.php\/mentions-legales\/#breadcrumb\"},\"inLanguage\":\"en-US\",\"potentialAction\":[{\"@type\":\"ReadAction\",\"target\":[\"http:\/\/elsagrellier-reflexologie.fr\/index.php\/mentions-legales\/\"]}]},{\"@type\":\"BreadcrumbList\",\"@id\":\"http:\/\/elsagrellier-reflexologie.fr\/index.php\/mentions-legales\/#breadcrumb\",\"itemListElement\":[{\"@type\":\"ListItem\",\"position\":1,\"name\":\"Accueil\",\"item\":\"https:\/\/elsagrellier-reflexologie.fr\/\"},{\"@type\":\"ListItem\",\"position\":2,\"name\":\"Mentions l\u00e9gales\"}]},{\"@type\":\"WebSite\",\"@id\":\"https:\/\/elsagrellier-reflexologie.fr\/#website\",\"url\":\"https:\/\/elsagrellier-reflexologie.fr\/\",\"name\":\"Elsa Grellier R\u00e9fl\u00e9xologie \u00e0 Fontaine-le-Comte\",\"description\":\"R\u00e9fl\u00e9xologie plantaire et palmaire\",\"publisher\":{\"@id\":\"https:\/\/elsagrellier-reflexologie.fr\/#organization\"},\"potentialAction\":[{\"@type\":\"SearchAction\",\"target\":{\"@type\":\"EntryPoint\",\"urlTemplate\":\"https:\/\/elsagrellier-reflexologie.fr\/?s={search_term_string}\"},\"query-input\":{\"@type\":\"PropertyValueSpecification\",\"valueRequired\":true,\"valueName\":\"search_term_string\"}}],\"inLanguage\":\"en-US\"},{\"@type\":\"Organization\",\"@id\":\"https:\/\/elsagrellier-reflexologie.fr\/#organization\",\"name\":\"Elsa Grellier R\u00e9fl\u00e9xologie\",\"url\":\"https:\/\/elsagrellier-reflexologie.fr\/\",\"logo\":{\"@type\":\"ImageObject\",\"inLanguage\":\"en-US\",\"@id\":\"https:\/\/elsagrellier-reflexologie.fr\/#\/schema\/logo\/image\/\",\"url\":\"https:\/\/elsagrellier-reflexologie.fr\/wp-content\/uploads\/2023\/11\/logo-carre_Plan-de-travail-1.png\",\"contentUrl\":\"https:\/\/elsagrellier-reflexologie.fr\/wp-content\/uploads\/2023\/11\/logo-carre_Plan-de-travail-1.png\",\"width\":2915,\"height\":3045,\"caption\":\"Elsa Grellier R\u00e9fl\u00e9xologie\"},\"image\":{\"@id\":\"https:\/\/elsagrellier-reflexologie.fr\/#\/schema\/logo\/image\/\"},\"sameAs\":[\"https:\/\/www.resalib.fr\/praticien\/80836-elsa-grellier-reflexologie-reflexologue-fontaine-le-comte\"]}]}<\/script>\n<!-- \/ Yoast SEO plugin. -->","yoast_head_json":{"title":"Mentions l\u00e9gales - Elsa Grellier R\u00e9flexologie","robots":{"index":"index","follow":"follow","max-snippet":"max-snippet:-1","max-image-preview":"max-image-preview:large","max-video-preview":"max-video-preview:-1"},"canonical":"http:\/\/elsagrellier-reflexologie.fr\/index.php\/mentions-legales\/","og_locale":"en_US","og_type":"article","og_title":"Mentions l\u00e9gales - Elsa Grellier R\u00e9flexologie","og_description":"Mentions l\u00e9gales Objectif de l\u2019information diffus\u00e9e sur ce site :\u00a0Ce site a pour objet d\u2019informer les particuliers et les entreprises sur les prestations r\u00e9alis\u00e9es par l&#8217;entreprise individuelle Elsa Grellier R\u00e9flexologie. Raison sociale : EI Elsa Grellier R\u00e9flexologie Forme juridique : Entreprise Individuelle, \u00a0immatricul\u00e9e sous le SIRET 94854552000017 Si\u00e8ge social : FONTAINE-LE-COMTE Num\u00e9ro de TVA : [&hellip;]","og_url":"http:\/\/elsagrellier-reflexologie.fr\/index.php\/mentions-legales\/","og_site_name":"Elsa Grellier R\u00e9flexologie","article_modified_time":"2024-01-15T14:54:28+00:00","twitter_card":"summary_large_image","twitter_misc":{"Est. reading time":"1 minute"},"schema":{"@context":"https:\/\/schema.org","@graph":[{"@type":"WebPage","@id":"http:\/\/elsagrellier-reflexologie.fr\/index.php\/mentions-legales\/","url":"http:\/\/elsagrellier-reflexologie.fr\/index.php\/mentions-legales\/","name":"Mentions l\u00e9gales - Elsa Grellier R\u00e9flexologie","isPartOf":{"@id":"https:\/\/elsagrellier-reflexologie.fr\/#website"},"datePublished":"2024-01-15T14:47:43+00:00","dateModified":"2024-01-15T14:54:28+00:00","breadcrumb":{"@id":"http:\/\/elsagrellier-reflexologie.fr\/index.php\/mentions-legales\/#breadcrumb"},"inLanguage":"en-US","potentialAction":[{"@type":"ReadAction","target":["http:\/\/elsagrellier-reflexologie.fr\/index.php\/mentions-legales\/"]}]},{"@type":"BreadcrumbList","@id":"http:\/\/elsagrellier-reflexologie.fr\/index.php\/mentions-legales\/#breadcrumb","itemListElement":[{"@type":"ListItem","position":1,"name":"Accueil","item":"https:\/\/elsagrellier-reflexologie.fr\/"},{"@type":"ListItem","position":2,"name":"Mentions l\u00e9gales"}]},{"@type":"WebSite","@id":"https:\/\/elsagrellier-reflexologie.fr\/#website","url":"https:\/\/elsagrellier-reflexologie.fr\/","name":"Elsa Grellier R\u00e9fl\u00e9xologie \u00e0 Fontaine-le-Comte","description":"R\u00e9fl\u00e9xologie plantaire et palmaire","publisher":{"@id":"https:\/\/elsagrellier-reflexologie.fr\/#organization"},"potentialAction":[{"@type":"SearchAction","target":{"@type":"EntryPoint","urlTemplate":"https:\/\/elsagrellier-reflexologie.fr\/?s={search_term_string}"},"query-input":{"@type":"PropertyValueSpecification","valueRequired":true,"valueName":"search_term_string"}}],"inLanguage":"en-US"},{"@type":"Organization","@id":"https:\/\/elsagrellier-reflexologie.fr\/#organization","name":"Elsa Grellier R\u00e9fl\u00e9xologie","url":"https:\/\/elsagrellier-reflexologie.fr\/","logo":{"@type":"ImageObject","inLanguage":"en-US","@id":"https:\/\/elsagrellier-reflexologie.fr\/#\/schema\/logo\/image\/","url":"https:\/\/elsagrellier-reflexologie.fr\/wp-content\/uploads\/2023\/11\/logo-carre_Plan-de-travail-1.png","contentUrl":"https:\/\/elsagrellier-reflexologie.fr\/wp-content\/uploads\/2023\/11\/logo-carre_Plan-de-travail-1.png","width":2915,"height":3045,"caption":"Elsa Grellier R\u00e9fl\u00e9xologie"},"image":{"@id":"https:\/\/elsagrellier-reflexologie.fr\/#\/schema\/logo\/image\/"},"sameAs":["https:\/\/www.resalib.fr\/praticien\/80836-elsa-grellier-reflexologie-reflexologue-fontaine-le-comte"]}]}},"_links":{"self":[{"href":"https:\/\/elsagrellier-reflexologie.fr\/index.php\/wp-json\/wp\/v2\/pages\/658","targetHints":{"allow":["GET"]}}],"collection":[{"href":"https:\/\/elsagrellier-reflexologie.fr\/index.php\/wp-json\/wp\/v2\/pages"}],"about":[{"href":"https:\/\/elsagrellier-reflexologie.fr\/index.php\/wp-json\/wp\/v2\/types\/page"}],"author":[{"embeddable":true,"href":"https:\/\/elsagrellier-reflexologie.fr\/index.php\/wp-json\/wp\/v2\/users\/1"}],"replies":[{"embeddable":true,"href":"https:\/\/elsagrellier-reflexologie.fr\/index.php\/wp-json\/wp\/v2\/comments?post=658"}],"version-history":[{"count":4,"href":"https:\/\/elsagrellier-reflexologie.fr\/index.php\/wp-json\/wp\/v2\/pages\/658\/revisions"}],"predecessor-version":[{"id":664,"href":"https:\/\/elsagrellier-reflexologie.fr\/index.php\/wp-json\/wp\/v2\/pages\/658\/revisions\/664"}],"wp:attachment":[{"href":"https:\/\/elsagrellier-reflexologie.fr\/index.php\/wp-json\/wp\/v2\/media?parent=658"}],"curies":[{"name":"wp","href":"https:\/\/api.w.org\/{rel}","templated":true}]}}